{"id":25,"date":"2023-06-14T11:57:56","date_gmt":"2023-06-14T11:57:56","guid":{"rendered":"https:\/\/siboasitrainingmachine.com\/?page_id=25"},"modified":"2023-06-21T06:08:57","modified_gmt":"2023-06-21T06:08:57","slug":"about-us","status":"publish","type":"page","link":"https:\/\/siboasitrainingmachine.com\/pt\/about-us\/","title":{"rendered":"Sobre n\u00f3s"},"content":{"rendered":"<section class=\"l-section wpb_row height_medium\"><div class=\"l-section-h i-cf\"><div class=\"g-cols vc_row via_grid cols_1 laptops-cols_inherit tablets-cols_inherit mobiles-cols_1 valign_top type_default stacking_default\"><div class=\"wpb_column vc_column_container\"><div class=\"vc_column-inner\"><div class=\"g-cols wpb_row via_grid cols_1 laptops-cols_inherit tablets-cols_inherit mobiles-cols_1 valign_top type_default stacking_default\" style=\"--columns-gap:3rem;\"><div class=\"wpb_column vc_column_container\"><div class=\"vc_column-inner\"><nav class=\"g-breadcrumbs separator_custom align_none\" itemscope itemtype=\"http:\/\/schema.org\/BreadcrumbList\"><div class=\"g-breadcrumbs-item\" itemscope itemprop=\"itemListElement\" itemtype=\"http:\/\/schema.org\/ListItem\"><a itemprop=\"item\" href=\"https:\/\/siboasitrainingmachine.com\/pt\/\"><span itemprop=\"name\">In\u00edcio<\/span><\/a><meta itemprop=\"position\" content=\"1\"\/><\/div><div class=\"g-breadcrumbs-separator\">\/<\/div><div class=\"g-breadcrumbs-item\">P\u00e1ginas<\/div><\/nav><div class=\"w-separator size_medium\"><\/div><\/div><\/div><\/div><div class=\"g-cols wpb_row via_grid cols_2 laptops-cols_inherit tablets-cols_inherit mobiles-cols_1 valign_top type_default stacking_default\" style=\"--columns-gap:3rem;\"><div class=\"wpb_column vc_column_container\"><div class=\"vc_column-inner\"><div class=\"w-slider style_none fit_cover nav_dots count_6\"><div class=\"w-slider-h\"><div class=\"royalSlider\"><div class=\"rsContent\"><a class=\"rsImg\" data-rsw=\"1600\" data-rsh=\"900\" href=\"https:\/\/siboasitrainingmachine.com\/wp-content\/uploads\/2023\/05\/\u65af\u6ce2\u963f\u65af\u5de5\u53821600.webp\"><span data-alt=\"siboasi company\"><\/span><\/a><\/div><div class=\"rsContent\"><a class=\"rsImg\" data-rsw=\"600\" data-rsh=\"400\" href=\"https:\/\/siboasitrainingmachine.com\/wp-content\/uploads\/2023\/05\/cl68978329-yihe_technology_shenzhen_co_ltd.webp\"><span data-alt=\"yihe_technology_shenzhen_co_ltd\"><\/span><\/a><\/div><div class=\"rsContent\"><a class=\"rsImg\" data-rsw=\"1000\" data-rsh=\"611\" href=\"https:\/\/siboasitrainingmachine.com\/wp-content\/uploads\/2023\/05\/2168-202009241923328184.jpg\"><span data-alt=\"\"><\/span><\/a><\/div><div class=\"rsContent\"><a class=\"rsImg\" data-rsw=\"1000\" data-rsh=\"611\" href=\"https:\/\/siboasitrainingmachine.com\/wp-content\/uploads\/2023\/05\/2168-202009081915197264.jpg\"><span data-alt=\"\"><\/span><\/a><\/div><div class=\"rsContent\"><a class=\"rsImg\" data-rsw=\"600\" data-rsh=\"400\" href=\"https:\/\/siboasitrainingmachine.com\/wp-content\/uploads\/2023\/05\/cl68978798-yihe_technology_shenzhen_co_ltd.webp\"><span data-alt=\"cl68978798-yihe_technology_shenzhen_co_ltd\"><\/span><\/a><\/div><div class=\"rsContent\"><a class=\"rsImg\" data-rsw=\"600\" data-rsh=\"400\" href=\"https:\/\/siboasitrainingmachine.com\/wp-content\/uploads\/2023\/05\/cl68979262-yihe_technology_shenzhen_co_ltd.webp\"><span data-alt=\"cl68979262-yihe_technology_shenzhen_co_ltd\"><\/span><\/a><\/div><\/div><img decoding=\"async\" src=\"https:\/\/siboasitrainingmachine.com\/wp-content\/uploads\/2023\/05\/\u65af\u6ce2\u963f\u65af\u5de5\u53821600.webp\" width=\"1600\" height=\"900\" alt=\"empresa siboasi\" loading=\"lazy\"><\/div><div class=\"w-slider-json\" onclick='return {&quot;autoScaleSlider&quot;:true,&quot;addActiveClass&quot;:true,&quot;loop&quot;:true,&quot;fadeInLoadedSlide&quot;:false,&quot;slidesSpacing&quot;:0,&quot;imageScalePadding&quot;:0,&quot;numImagesToPreload&quot;:2,&quot;arrowsNav&quot;:true,&quot;arrowsNavAutoHide&quot;:true,&quot;transitionType&quot;:&quot;move&quot;,&quot;transitionSpeed&quot;:250,&quot;block&quot;:{&quot;moveEffect&quot;:&quot;none&quot;,&quot;speed&quot;:300},&quot;thumbs&quot;:{&quot;fitInViewport&quot;:false,&quot;firstMargin&quot;:false,&quot;spacing&quot;:4},&quot;controlNavigation&quot;:&quot;bullets&quot;,&quot;autoplay&quot;:{&quot;enabled&quot;:true,&quot;pauseOnHover&quot;:true,&quot;delay&quot;:3000},&quot;autoScaleSliderWidth&quot;:1600,&quot;autoScaleSliderHeight&quot;:900}'><\/div><\/div><\/div><\/div><div class=\"wpb_column vc_column_container\"><div class=\"vc_column-inner\"><h4 class=\"w-text us_custom_7946b63b\"><span class=\"w-text-h\"><span class=\"w-text-value\">YiHe Technology (Shenzhen) Co.,ltd<\/span><\/span><\/h4><div class=\"wpb_text_column\"><div class=\"wpb_wrapper\"><table border=\"0\" width=\"983\" cellspacing=\"0\" cellpadding=\"0\">\n<tbody>\n<tr>\n<td class=\"et2\" width=\"263\" height=\"36\">Mercado principal:<\/td>\n<td class=\"et3\" width=\"720\">Am\u00e9rica do Norte, Am\u00e9rica do Sul, Europa Ocidental, Europa Oriental, \u00c1sia Oriental, Sudeste Asi\u00e1tico, M\u00e9dio Oriente, \u00c1frica, Oce\u00e2nia, Mundial<\/td>\n<\/tr>\n<tr>\n<td class=\"et2\" width=\"263\" height=\"18\">Tipo de neg\u00f3cio:<\/td>\n<td class=\"et3\" width=\"720\">Fabricante, agente<\/td>\n<\/tr>\n<tr>\n<td class=\"et2\" width=\"263\" height=\"18\">Marcas:<\/td>\n<td class=\"et3\" width=\"720\">SIBOASI<\/td>\n<\/tr>\n<tr>\n<td class=\"et2\" width=\"263\" height=\"18\">N.\u00ba de empregados:<\/td>\n<td class=\"et3\" width=\"720\">100~1000<\/td>\n<\/tr>\n<tr>\n<td class=\"et2\" width=\"263\" height=\"18\">Vendas anuais:<\/td>\n<td class=\"et3\" width=\"720\">1000000-10000000<\/td>\n<\/tr>\n<tr>\n<td class=\"et2\" width=\"263\" height=\"18\">Ano de cria\u00e7\u00e3o:<\/td>\n<td class=\"et3\" style=\"text-align: left;\" align=\"right\" width=\"720\">2006<\/td>\n<\/tr>\n<tr>\n<td class=\"et2\" width=\"263\" height=\"18\">Exporta\u00e7\u00e3o p.c:<\/td>\n<td class=\"et3\" width=\"720\">80% - 90%<\/td>\n<\/tr>\n<\/tbody>\n<\/table>\n<\/div><\/div><\/div><\/div><\/div><\/div><\/div><\/div><\/div><\/section><section class=\"l-section wpb_row height_medium color_primary\"><div class=\"l-section-overlay\" style=\"background:var(--color-header-top-bg)\"><\/div><div class=\"l-section-h i-cf\"><div class=\"g-cols vc_row via_grid cols_1 laptops-cols_inherit tablets-cols_inherit mobiles-cols_1 valign_top type_default stacking_default\"><div class=\"wpb_column vc_column_container\"><div class=\"vc_column-inner\"><div class=\"wpb_text_column us_custom_76cad64f\"><div class=\"wpb_wrapper\"><h2 style=\"text-align: center;\">A qualquer momento pode contactar-nos!<\/h2>\n<p style=\"text-align: center;\">Porque sabemos que mesmo os melhores produtos s\u00e3o t\u00e3o bons quanto as pessoas que est\u00e3o por tr\u00e1s deles. Suporte t\u00e9cnico 24 horas por dia, 7 dias por semana.<\/p>\n<\/div><\/div><\/div><\/div><\/div><\/div><\/section><section class=\"l-section wpb_row height_medium\"><div class=\"l-section-h i-cf\"><div class=\"g-cols vc_row via_grid cols_1 laptops-cols_inherit tablets-cols_inherit mobiles-cols_1 valign_top type_default stacking_default\"><div class=\"wpb_column vc_column_container\"><div class=\"vc_column-inner\"><h3 class=\"w-text us_custom_7946b63b\"><span class=\"w-text-h\"><span class=\"w-text-value\">Perfil da empresa<\/span><\/span><\/h3><div class=\"w-separator size_medium\"><\/div><div class=\"g-cols wpb_row via_grid cols_2 laptops-cols_inherit tablets-cols_inherit mobiles-cols_1 valign_top type_default stacking_default\" style=\"--columns-gap:3rem;\"><div class=\"wpb_column vc_column_container\"><div class=\"vc_column-inner\"><div class=\"w-image align_none\"><div class=\"w-image-h\"><img decoding=\"async\" width=\"1024\" height=\"576\" src=\"https:\/\/siboasitrainingmachine.com\/wp-content\/uploads\/2023\/05\/\u65af\u6ce2\u963f\u65af\u5de5\u53821600-1024x576.webp\" class=\"attachment-large size-large\" alt=\"empresa siboasi\" loading=\"lazy\" srcset=\"https:\/\/siboasitrainingmachine.com\/wp-content\/uploads\/2023\/05\/\u65af\u6ce2\u963f\u65af\u5de5\u53821600-1024x576.webp 1024w, https:\/\/siboasitrainingmachine.com\/wp-content\/uploads\/2023\/05\/\u65af\u6ce2\u963f\u65af\u5de5\u53821600-300x169.webp 300w, https:\/\/siboasitrainingmachine.com\/wp-content\/uploads\/2023\/05\/\u65af\u6ce2\u963f\u65af\u5de5\u53821600.webp 1600w\" sizes=\"auto, (max-width: 1024px) 100vw, 1024px\" \/><\/div><\/div><\/div><\/div><div class=\"wpb_column vc_column_container\"><div class=\"vc_column-inner\"><div class=\"wpb_text_column\"><div class=\"wpb_wrapper\"><p class=\"title\">SIBOASI tem sido o fabricante n\u00ba 1 de m\u00e1quinas de bolas inteligentes em Dongguan, China. Somos um grupo integrado de desporto inteligente que integra I&amp;D, produ\u00e7\u00e3o, vendas e servi\u00e7os desde 2006.<br \/>\nA nossa atividade centra-se em 4 aspectos fundamentais:<br \/>\n1. Equipamento de treino desportivo inteligente (m\u00e1quina de treino de futebol, m\u00e1quina de remate de basquetebol, m\u00e1quina de treino de voleibol, m\u00e1quina de bolas de t\u00e9nis, m\u00e1quina de alimenta\u00e7\u00e3o de badminton, m\u00e1quina de bolas de squash, m\u00e1quina de enfiar raquetes e outras m\u00e1quinas de treino inteligentes)<br \/>\n2. Complexo desportivo inteligente;<br \/>\n3. Complexo desportivo inteligente do campus<br \/>\n4. Big data do desporto.<\/p>\n<div class=\"item fn-clear\">\n<div class=\"float-left texts\">\n<div class=\"text-wrap\">\n<p>Ap\u00f3s 16 anos de desenvolvimento extraordin\u00e1rio, a SIBOASI tornou-se l\u00edder na ind\u00fastria de equipamento desportivo inteligente. Atualmente, os nossos produtos s\u00e3o exportados para mais de 100 pa\u00edses e regi\u00f5es. \u00c9 um ...<\/p>\n<p><a class=\"button\" title=\"Yihe Technology (Shenzhen) Co.,ltd Perfil da empresa\" href=\"https:\/\/siboasitrainingmachine.com\/pt\/about-us-more\/\">Saiba mais&gt;&gt;<\/a><\/p>\n<\/div>\n<\/div>\n<\/div>\n<\/div><\/div><\/div><\/div><\/div><\/div><\/div><\/div><\/div><\/section><section class=\"l-section wpb_row height_medium color_alternate\"><div class=\"l-section-h i-cf\"><div class=\"g-cols vc_row via_grid cols_1 laptops-cols_inherit tablets-cols_inherit mobiles-cols_1 valign_top type_default stacking_default\"><div class=\"wpb_column vc_column_container\"><div class=\"vc_column-inner\"><h3 class=\"w-text us_custom_7946b63b\"><span class=\"w-text-h\"><span class=\"w-text-value\">Visita \u00e0 f\u00e1brica<\/span><\/span><\/h3><div class=\"w-separator size_medium\"><\/div><div class=\"g-cols wpb_row via_grid cols_2 laptops-cols_inherit tablets-cols_inherit mobiles-cols_1 valign_top type_default stacking_default\" style=\"--columns-gap:3rem;\"><div class=\"wpb_column vc_column_container\"><div class=\"vc_column-inner\"><div class=\"wpb_text_column\"><div class=\"wpb_wrapper\"><div class=\"text-wrap\">\n<p>Linhas de produtos SIBOASI<br \/>\n- M\u00e1quina de bolas de t\u00e9nis (tiro),<br \/>\n- M\u00e1quina de lan\u00e7amento de basquetebol,<br \/>\n- M\u00e1quina de lan\u00e7amento de futebol,<br \/>\n- Voleibol (tiro) M\u00e1quina,<br \/>\n- Badminton (Shuttlecock) M\u00e1quina de tiro,<br \/>\n- M\u00e1quina de bolas de squash,<br \/>\n- M\u00e1quina de tiro para t\u00e9nis de mesa (pingue-pongue)<br \/>\n- Equipamento de enfiar raquetes inteligentes (encordoadores ou m\u00e1quinas de encordoar).<\/p>\n<p>&nbsp;<\/p>\n<\/div>\n<p class=\"title\"><a class=\"button\" title=\"Yihe Technology (Shenzhen) Co.,ltd Visita \u00e0 f\u00e1brica\" href=\"https:\/\/siboasitrainingmachine.com\/pt\/about-us-more\/#factory\">Saiba mais&gt;&gt;<\/a><\/p>\n<\/div><\/div><\/div><\/div><div class=\"wpb_column vc_column_container\"><div class=\"vc_column-inner\"><div class=\"w-image align_none\"><div class=\"w-image-h\"><img decoding=\"async\" width=\"1024\" height=\"683\" src=\"https:\/\/siboasitrainingmachine.com\/wp-content\/uploads\/2023\/05\/backetball-machine-1024x683.webp\" class=\"attachment-large size-large\" alt=\"m\u00e1quina de backetball\" loading=\"lazy\" srcset=\"https:\/\/siboasitrainingmachine.com\/wp-content\/uploads\/2023\/05\/backetball-machine-1024x683.webp 1024w, https:\/\/siboasitrainingmachine.com\/wp-content\/uploads\/2023\/05\/backetball-machine-300x200.webp 300w, https:\/\/siboasitrainingmachine.com\/wp-content\/uploads\/2023\/05\/backetball-machine.webp 1200w\" sizes=\"auto, (max-width: 1024px) 100vw, 1024px\" \/><\/div><\/div><\/div><\/div><\/div><\/div><\/div><\/div><\/div><\/section><section class=\"l-section wpb_row height_medium\"><div class=\"l-section-h i-cf\"><div class=\"g-cols vc_row via_grid cols_1 laptops-cols_inherit tablets-cols_inherit mobiles-cols_1 valign_top type_default stacking_default\"><div class=\"wpb_column vc_column_container\"><div class=\"vc_column-inner\"><h3 class=\"w-text us_custom_7946b63b\"><span class=\"w-text-h\"><span class=\"w-text-value\">Controlo de qualidade<\/span><\/span><\/h3><div class=\"w-separator size_medium\"><\/div><div class=\"g-cols wpb_row via_grid cols_2 laptops-cols_inherit tablets-cols_inherit mobiles-cols_1 valign_top type_default stacking_default\" style=\"--columns-gap:3rem;\"><div class=\"wpb_column vc_column_container\"><div class=\"vc_column-inner\"><div class=\"w-image align_none\"><div class=\"w-image-h\"><img decoding=\"async\" width=\"665\" height=\"923\" src=\"https:\/\/siboasitrainingmachine.com\/wp-content\/uploads\/2023\/05\/yihe-qc.webp\" class=\"attachment-large size-large\" alt=\"yihe qc\" loading=\"lazy\" srcset=\"https:\/\/siboasitrainingmachine.com\/wp-content\/uploads\/2023\/05\/yihe-qc.webp 665w, https:\/\/siboasitrainingmachine.com\/wp-content\/uploads\/2023\/05\/yihe-qc-216x300.webp 216w\" sizes=\"auto, (max-width: 665px) 100vw, 665px\" \/><\/div><\/div><\/div><\/div><div class=\"wpb_column vc_column_container\"><div class=\"vc_column-inner\"><div class=\"wpb_text_column\"><div class=\"wpb_wrapper\"><p class=\"text-wrap\">Porque \u00e9 que deve ser parceiro do SIBOASI?<br \/>\nAgora deve estar a perguntar-se porque \u00e9 que deve ser parceiro do SIBOASI? Bem, aqui est\u00e3o algumas raz\u00f5es que devem despertar o seu interesse.<br \/>\n-SIBOASI \u00e9 certificado ISO 9001.<br \/>\n- Contratamos apenas veteranos da ind\u00fastria e seguimos as diretrizes de produ\u00e7\u00e3o europeias.<br \/>\n- Mantemos uma equipa de I&amp;D de n\u00edvel mundial para o desenvolvimento cont\u00ednuo dos nossos servi\u00e7os e produtos.<br \/>\n- Cerca de 10 anos de experi\u00eancia de produ\u00e7\u00e3o na ind\u00fastria do treino desportivo.<br \/>\n- Prestamos os nossos servi\u00e7os em mais de 100 pa\u00edses e regi\u00f5es.<\/p>\n<p class=\"text-wrap\">- A nossa empresa \u00e9 atualmente a maior da China em termos de forma\u00e7\u00e3o desportiva, I&amp;D e testes de produ\u00e7\u00e3o.<br \/>\n- Seguimos rigorosamente as certifica\u00e7\u00f5es de produtos BV, SGS, CE e ROHS da Europa.<br \/>\n- Temos mais de 230 patentes nacionais para a nossa tecnologia de ponta. N...<\/p>\n<p>&nbsp;<\/p>\n<p class=\"title\"><a class=\"button\" href=\"https:\/\/siboasitrainingmachine.com\/pt\/about-us-more\/#certificates\">Saiba mais&gt;&gt;<\/a><\/p>\n<div class=\"item fn-clear\">\n<div class=\"float-left texts\">\n<p class=\"text-wrap\">\n<\/div>\n<\/div>\n<\/div><\/div><\/div><\/div><\/div><\/div><\/div><\/div><\/div><\/section>","protected":false},"excerpt":{"rendered":"In\u00edcio\/P\u00e1ginasYiHe Technology (Shenzhen) Co.,ltd Mercado principal: Am\u00e9rica do Norte, Am\u00e9rica do Sul, Europa Ocidental, Europa Oriental, \u00c1sia Oriental, Sudeste Asi\u00e1tico, M\u00e9dio Oriente, \u00c1frica, Oce\u00e2nia, Mundial Tipo de Neg\u00f3cio: Fabricante, Agente Marcas: SIBOASI N\u00famero de funcion\u00e1rios: 100~1000 Vendas anuais: 1000000-10000000 Ano de estabelecimento: 2006 Exporta\u00e7\u00e3o p.c: 80% - 90% A qualquer momento pode contactar-nos! Porque sabemos que mesmo...","protected":false},"author":1,"featured_media":48,"parent":0,"menu_order":0,"comment_status":"closed","ping_status":"closed","template":"","meta":{"_acf_changed":false,"footnotes":""},"class_list":["post-25","page","type-page","status-publish","has-post-thumbnail","hentry"],"acf":[],"_links":{"self":[{"href":"https:\/\/siboasitrainingmachine.com\/pt\/wp-json\/wp\/v2\/pages\/25","targetHints":{"allow":["GET"]}}],"collection":[{"href":"https:\/\/siboasitrainingmachine.com\/pt\/wp-json\/wp\/v2\/pages"}],"about":[{"href":"https:\/\/siboasitrainingmachine.com\/pt\/wp-json\/wp\/v2\/types\/page"}],"author":[{"embeddable":true,"href":"https:\/\/siboasitrainingmachine.com\/pt\/wp-json\/wp\/v2\/users\/1"}],"replies":[{"embeddable":true,"href":"https:\/\/siboasitrainingmachine.com\/pt\/wp-json\/wp\/v2\/comments?post=25"}],"version-history":[{"count":0,"href":"https:\/\/siboasitrainingmachine.com\/pt\/wp-json\/wp\/v2\/pages\/25\/revisions"}],"wp:featuredmedia":[{"embeddable":true,"href":"https:\/\/siboasitrainingmachine.com\/pt\/wp-json\/wp\/v2\/media\/48"}],"wp:attachment":[{"href":"https:\/\/siboasitrainingmachine.com\/pt\/wp-json\/wp\/v2\/media?parent=25"}],"curies":[{"name":"wp","href":"https:\/\/api.w.org\/{rel}","templated":true}]}}