{"id":1783,"date":"2023-06-08T10:48:24","date_gmt":"2023-06-08T10:48:24","guid":{"rendered":"https:\/\/siboasitrainingmachine.com\/?page_id=1783"},"modified":"2023-06-21T06:23:21","modified_gmt":"2023-06-21T06:23:21","slug":"contact-us","status":"publish","type":"page","link":"https:\/\/siboasitrainingmachine.com\/pt\/contact-us\/","title":{"rendered":"Contactar-nos"},"content":{"rendered":"<section class=\"l-section wpb_row height_medium\"><div class=\"l-section-h i-cf\"><div class=\"g-cols vc_row via_grid cols_2 laptops-cols_2 tablets-cols_1 mobiles-cols_1 valign_top type_default stacking_default\"><div class=\"wpb_column vc_column_container us_custom_2692eb13\"><div class=\"vc_column-inner\"><div class=\"w-text us_custom_73243e18 has_text_color\"><span class=\"w-text-h\"><span class=\"w-text-value\">Obter rapidamente<\/span><\/span><\/div><div class=\"wpb_text_column us_custom_89417669\"><div class=\"wpb_wrapper\"><h2 style=\"text-align: left;\">Resposta<\/h2>\n<\/div><\/div><div class=\"w-separator size_small\"><\/div><div class=\"wpb_text_column us_custom_029c40e5\"><div class=\"wpb_wrapper\"><p>Partilhe connosco as suas necessidades. Entraremos em contacto consigo num prazo muito curto.<\/p>\n<\/div><\/div><div class=\"w-separator size_custom with_line width_default thick_1 style_solid color_border align_center\" style=\"height:2rem\"><div class=\"w-separator-h\"><\/div><\/div><div class=\"w-iconbox iconpos_left style_outlined color_custom align_left no_text\"><div class=\"w-iconbox-icon\" style=\"font-size:17px;\"><i class=\"far fa-map-marker-alt\"><\/i><\/div><div class=\"w-iconbox-meta\"><div class=\"w-iconbox-title\">B907, No. 16 Shajing Center Road Baoan District, Shenzhen City, Prov\u00edncia de Guangdong, 518104 China<\/div><\/div><\/div><div class=\"w-separator size_custom\" style=\"height:0.4rem\"><\/div><div class=\"w-iconbox iconpos_left style_outlined color_custom align_left no_text\"><div class=\"w-iconbox-icon\" style=\"font-size:17px;\"><i class=\"far fa-phone\"><\/i><\/div><div class=\"w-iconbox-meta\"><div class=\"w-iconbox-title\">+86 15361828485<\/div><\/div><\/div><div class=\"w-separator size_custom\" style=\"height:0.4rem\"><\/div><div class=\"w-iconbox iconpos_left style_outlined color_custom align_left no_text\"><a href=\"mailto:info@example.com\" class=\"w-iconbox-link\" aria-label=\"sales@siboasitrainingmachine.com\"><div class=\"w-iconbox-icon\" style=\"font-size:17px;\"><i class=\"far fa-envelope\"><\/i><\/div><\/a><div class=\"w-iconbox-meta\"><div class=\"w-iconbox-title\"><a href=\"mailto:info@example.com\" class=\"w-iconbox-link\" aria-label=\"sales@siboasitrainingmachine.com\">sales@siboasitrainingmachine.com<\/a><\/div><\/div><\/div><\/div><\/div><div class=\"wpb_column vc_column_container\"><div class=\"vc_column-inner\"><div class=\"wpb_text_column us_custom_89417669\"><div class=\"wpb_wrapper\"><h2 style=\"text-align: left;\">Contactar-nos<\/h2>\n<\/div><\/div><div class=\"w-separator size_small\"><\/div><div class=\"wpb_text_column us_custom_89417669\"><div class=\"wpb_wrapper\"><p style=\"text-align: left;\">Preencha o formul\u00e1rio abaixo da forma mais simples poss\u00edvel e n\u00e3o se preocupe com os pormenores. Entraremos em contacto consigo o mais rapidamente poss\u00edvel.<\/p>\n<\/div><\/div><div class=\"w-separator size_small\"><\/div><form class=\"w-form  us-field-style_1 us_custom_37f62cf4 layout_ver show_message_after_sending for_cform us_form_1\" action=\"https:\/\/siboasitrainingmachine.com\/pt\/pt\/wp-json\/wp\/v2\/pages\/1783\" method=\"post\" data-trp-original-action=\"https:\/\/siboasitrainingmachine.com\/pt\/pt\/wp-json\/wp\/v2\/pages\/1783\"><div class=\"w-form-h\"><div class=\"w-form-row for_text\">\r\n\t\t<div class=\"w-form-row-field\">\r\n\t\t\t\t\t\t<input aria-label=\"Nome\" type=\"text\" name=\"us_form_1_text_1\" value placeholder=\"Nome\"\/>\r\n\t\t\t<\/div>\r\n\t\t<div class=\"w-form-row-state\">Preencher este campo<\/div>\r\n<\/div>\r\n<div class=\"w-form-row for_email\">\r\n\t\t<div class=\"w-form-row-field\">\r\n\t\t\t\t\t\t<input aria-label=\"Correio eletr\u00f3nico\" type=\"email\" name=\"us_form_1_email_1\" value placeholder=\"Correio eletr\u00f3nico\"\/>\r\n\t\t\t<\/div>\r\n\t\t<div class=\"w-form-row-state\">Por favor insira um endere\u00e7o de email v\u00e1lido.<\/div>\r\n<\/div>\r\n<div class=\"w-form-row for_textarea\">\r\n\t\t<div class=\"w-form-row-field\">\r\n\t\t\t\t\t\t<textarea aria-label=\"Conte\u00fado da mensagem\" name=\"us_form_1_textarea_1\" placeholder=\"Conte\u00fado da mensagem\"><\/textarea>\r\n\t\t\t<\/div>\r\n\t\t<div class=\"w-form-row-state\">Preencher este campo<\/div>\r\n<\/div>\r\n<input type=\"hidden\" name=\"action\" value=\"us_ajax_cform\" \/>\r\n<input type=\"hidden\" name=\"post_id\" value=\"0\" \/>\r\n<input type=\"hidden\" name=\"form_index\" value=\"1\" \/>\r\n<div class=\"w-form-row for_submit align_justify\">\r\n\t<button class=\"w-btn  us-btn-style_5\" aria-label=\"Submedidor\" type=\"submit\">\r\n\t\t<span class=\"g-preloader type_1\"><\/span>\r\n\t\t\t\t<span class=\"w-btn-label\">Submedidor<\/span>\r\n\t\t\t<\/button>\r\n\t<\/div>\r\n<\/div><div class=\"w-form-message\"><\/div><div class=\"w-form-json hidden\" onclick='return {&quot;ajaxurl&quot;:&quot;https:\\\/\\\/siboasitrainingmachine.com\\\/wp-admin\\\/admin-ajax.php&quot;,&quot;messages&quot;:{&quot;err_empty&quot;:&quot;Fill out this field&quot;,&quot;err_size&quot;:&quot;File size cannot exceed %s MB&quot;,&quot;err_extension&quot;:&quot;%s file type is not allowed&quot;,&quot;err_recaptcha_keys&quot;:&quot;reCAPTCHA keys are incorrect&quot;}}'><\/div><input type=\"hidden\" name=\"trp-form-language\" value=\"pt\"\/><\/form><\/div><\/div><\/div><\/div><\/section>","protected":false},"excerpt":{"rendered":"Obter resposta r\u00e1pida Partilhe as suas necessidades connosco, entraremos em contacto consigo num curto espa\u00e7o de tempo. B907, No. 16 Shajing Center Road Baoan District, Shenzhen City, Guangdong Province, 518104 China+86 15361828485sales@siboasitrainingmachine.comContact Preencha o formul\u00e1rio abaixo da forma mais simples poss\u00edvel e n\u00e3o se preocupe com os detalhes. Entraremos em contacto consigo o mais rapidamente poss\u00edvel. Preencher...","protected":false},"author":1,"featured_media":1785,"parent":0,"menu_order":0,"comment_status":"closed","ping_status":"closed","template":"","meta":{"_acf_changed":false,"footnotes":""},"class_list":["post-1783","page","type-page","status-publish","has-post-thumbnail","hentry"],"acf":[],"_links":{"self":[{"href":"https:\/\/siboasitrainingmachine.com\/pt\/wp-json\/wp\/v2\/pages\/1783","targetHints":{"allow":["GET"]}}],"collection":[{"href":"https:\/\/siboasitrainingmachine.com\/pt\/wp-json\/wp\/v2\/pages"}],"about":[{"href":"https:\/\/siboasitrainingmachine.com\/pt\/wp-json\/wp\/v2\/types\/page"}],"author":[{"embeddable":true,"href":"https:\/\/siboasitrainingmachine.com\/pt\/wp-json\/wp\/v2\/users\/1"}],"replies":[{"embeddable":true,"href":"https:\/\/siboasitrainingmachine.com\/pt\/wp-json\/wp\/v2\/comments?post=1783"}],"version-history":[{"count":1,"href":"https:\/\/siboasitrainingmachine.com\/pt\/wp-json\/wp\/v2\/pages\/1783\/revisions"}],"predecessor-version":[{"id":2469,"href":"https:\/\/siboasitrainingmachine.com\/pt\/wp-json\/wp\/v2\/pages\/1783\/revisions\/2469"}],"wp:featuredmedia":[{"embeddable":true,"href":"https:\/\/siboasitrainingmachine.com\/pt\/wp-json\/wp\/v2\/media\/1785"}],"wp:attachment":[{"href":"https:\/\/siboasitrainingmachine.com\/pt\/wp-json\/wp\/v2\/media?parent=1783"}],"curies":[{"name":"wp","href":"https:\/\/api.w.org\/{rel}","templated":true}]}}