{"id":25,"date":"2023-06-14T11:57:56","date_gmt":"2023-06-14T11:57:56","guid":{"rendered":"https:\/\/siboasitrainingmachine.com\/?page_id=25"},"modified":"2023-06-21T06:08:57","modified_gmt":"2023-06-21T06:08:57","slug":"about-us","status":"publish","type":"page","link":"https:\/\/siboasitrainingmachine.com\/fr\/about-us\/","title":{"rendered":"\u00c0 propos des \u00c9tats-Unis"},"content":{"rendered":"<section class=\"l-section wpb_row height_medium\"><div class=\"l-section-h i-cf\"><div class=\"g-cols vc_row via_grid cols_1 laptops-cols_inherit tablets-cols_inherit mobiles-cols_1 valign_top type_default stacking_default\"><div class=\"wpb_column vc_column_container\"><div class=\"vc_column-inner\"><div class=\"g-cols wpb_row via_grid cols_1 laptops-cols_inherit tablets-cols_inherit mobiles-cols_1 valign_top type_default stacking_default\" style=\"--columns-gap:3rem;\"><div class=\"wpb_column vc_column_container\"><div class=\"vc_column-inner\"><nav class=\"g-breadcrumbs separator_custom align_none\" itemscope itemtype=\"http:\/\/schema.org\/BreadcrumbList\"><div class=\"g-breadcrumbs-item\" itemscope itemprop=\"itemListElement\" itemtype=\"http:\/\/schema.org\/ListItem\"><a itemprop=\"item\" href=\"https:\/\/siboasitrainingmachine.com\/fr\/\"><span itemprop=\"name\">Accueil<\/span><\/a><meta itemprop=\"position\" content=\"1\"\/><\/div><div class=\"g-breadcrumbs-separator\">\/<\/div><div class=\"g-breadcrumbs-item\">Pages<\/div><\/nav><div class=\"w-separator size_medium\"><\/div><\/div><\/div><\/div><div class=\"g-cols wpb_row via_grid cols_2 laptops-cols_inherit tablets-cols_inherit mobiles-cols_1 valign_top type_default stacking_default\" style=\"--columns-gap:3rem;\"><div class=\"wpb_column vc_column_container\"><div class=\"vc_column-inner\"><div class=\"w-slider style_none fit_cover nav_dots count_6\"><div class=\"w-slider-h\"><div class=\"royalSlider\"><div class=\"rsContent\"><a class=\"rsImg\" data-rsw=\"1600\" data-rsh=\"900\" href=\"https:\/\/siboasitrainingmachine.com\/wp-content\/uploads\/2023\/05\/\u65af\u6ce2\u963f\u65af\u5de5\u53821600.webp\"><span data-alt=\"siboasi company\"><\/span><\/a><\/div><div class=\"rsContent\"><a class=\"rsImg\" data-rsw=\"600\" data-rsh=\"400\" href=\"https:\/\/siboasitrainingmachine.com\/wp-content\/uploads\/2023\/05\/cl68978329-yihe_technology_shenzhen_co_ltd.webp\"><span data-alt=\"yihe_technology_shenzhen_co_ltd\"><\/span><\/a><\/div><div class=\"rsContent\"><a class=\"rsImg\" data-rsw=\"1000\" data-rsh=\"611\" href=\"https:\/\/siboasitrainingmachine.com\/wp-content\/uploads\/2023\/05\/2168-202009241923328184.jpg\"><span data-alt=\"\"><\/span><\/a><\/div><div class=\"rsContent\"><a class=\"rsImg\" data-rsw=\"1000\" data-rsh=\"611\" href=\"https:\/\/siboasitrainingmachine.com\/wp-content\/uploads\/2023\/05\/2168-202009081915197264.jpg\"><span data-alt=\"\"><\/span><\/a><\/div><div class=\"rsContent\"><a class=\"rsImg\" data-rsw=\"600\" data-rsh=\"400\" href=\"https:\/\/siboasitrainingmachine.com\/wp-content\/uploads\/2023\/05\/cl68978798-yihe_technology_shenzhen_co_ltd.webp\"><span data-alt=\"cl68978798-yihe_technology_shenzhen_co_ltd\"><\/span><\/a><\/div><div class=\"rsContent\"><a class=\"rsImg\" data-rsw=\"600\" data-rsh=\"400\" href=\"https:\/\/siboasitrainingmachine.com\/wp-content\/uploads\/2023\/05\/cl68979262-yihe_technology_shenzhen_co_ltd.webp\"><span data-alt=\"cl68979262-yihe_technology_shenzhen_co_ltd\"><\/span><\/a><\/div><\/div><img decoding=\"async\" src=\"https:\/\/siboasitrainingmachine.com\/wp-content\/uploads\/2023\/05\/\u65af\u6ce2\u963f\u65af\u5de5\u53821600.webp\" width=\"1600\" height=\"900\" alt=\"soci\u00e9t\u00e9 siboasi\" loading=\"lazy\"><\/div><div class=\"w-slider-json\" onclick='return {&quot;autoScaleSlider&quot;:true,&quot;addActiveClass&quot;:true,&quot;loop&quot;:true,&quot;fadeInLoadedSlide&quot;:false,&quot;slidesSpacing&quot;:0,&quot;imageScalePadding&quot;:0,&quot;numImagesToPreload&quot;:2,&quot;arrowsNav&quot;:true,&quot;arrowsNavAutoHide&quot;:true,&quot;transitionType&quot;:&quot;move&quot;,&quot;transitionSpeed&quot;:250,&quot;block&quot;:{&quot;moveEffect&quot;:&quot;none&quot;,&quot;speed&quot;:300},&quot;thumbs&quot;:{&quot;fitInViewport&quot;:false,&quot;firstMargin&quot;:false,&quot;spacing&quot;:4},&quot;controlNavigation&quot;:&quot;bullets&quot;,&quot;autoplay&quot;:{&quot;enabled&quot;:true,&quot;pauseOnHover&quot;:true,&quot;delay&quot;:3000},&quot;autoScaleSliderWidth&quot;:1600,&quot;autoScaleSliderHeight&quot;:900}'><\/div><\/div><\/div><\/div><div class=\"wpb_column vc_column_container\"><div class=\"vc_column-inner\"><h4 class=\"w-text us_custom_7946b63b\"><span class=\"w-text-h\"><span class=\"w-text-value\">YiHe Technology (Shenzhen) Co.,ltd<\/span><\/span><\/h4><div class=\"wpb_text_column\"><div class=\"wpb_wrapper\"><table border=\"0\" width=\"983\" cellspacing=\"0\" cellpadding=\"0\">\n<tbody>\n<tr>\n<td class=\"et2\" width=\"263\" height=\"36\">March\u00e9 principal :<\/td>\n<td class=\"et3\" width=\"720\">Am\u00e9rique du Nord, Am\u00e9rique du Sud, Europe occidentale, Europe de l'Est, Asie de l'Est, Asie du Sud-Est, Moyen-Orient, Afrique, Oc\u00e9anie, Monde entier<\/td>\n<\/tr>\n<tr>\n<td class=\"et2\" width=\"263\" height=\"18\">Type d'entreprise :<\/td>\n<td class=\"et3\" width=\"720\">Fabricant, agent<\/td>\n<\/tr>\n<tr>\n<td class=\"et2\" width=\"263\" height=\"18\">Marques :<\/td>\n<td class=\"et3\" width=\"720\">SIBOASI<\/td>\n<\/tr>\n<tr>\n<td class=\"et2\" width=\"263\" height=\"18\">Nombre d'employ\u00e9s :<\/td>\n<td class=\"et3\" width=\"720\">100~1000<\/td>\n<\/tr>\n<tr>\n<td class=\"et2\" width=\"263\" height=\"18\">Ventes annuelles :<\/td>\n<td class=\"et3\" width=\"720\">1000000-10000000<\/td>\n<\/tr>\n<tr>\n<td class=\"et2\" width=\"263\" height=\"18\">Ann\u00e9e de cr\u00e9ation :<\/td>\n<td class=\"et3\" style=\"text-align: left;\" align=\"right\" width=\"720\">2006<\/td>\n<\/tr>\n<tr>\n<td class=\"et2\" width=\"263\" height=\"18\">Exportation p.c :<\/td>\n<td class=\"et3\" width=\"720\">80% - 90%<\/td>\n<\/tr>\n<\/tbody>\n<\/table>\n<\/div><\/div><\/div><\/div><\/div><\/div><\/div><\/div><\/div><\/section><section class=\"l-section wpb_row height_medium color_primary\"><div class=\"l-section-overlay\" style=\"background:var(--color-header-top-bg)\"><\/div><div class=\"l-section-h i-cf\"><div class=\"g-cols vc_row via_grid cols_1 laptops-cols_inherit tablets-cols_inherit mobiles-cols_1 valign_top type_default stacking_default\"><div class=\"wpb_column vc_column_container\"><div class=\"vc_column-inner\"><div class=\"wpb_text_column us_custom_76cad64f\"><div class=\"wpb_wrapper\"><h2 style=\"text-align: center;\">Vous pouvez nous contacter \u00e0 tout moment !<\/h2>\n<p style=\"text-align: center;\">Parce que nous savons que m\u00eame les meilleurs produits ne valent que ce que valent les personnes qui les soutiennent. Assistance technique 24 heures sur 24, 7 jours sur 7.<\/p>\n<\/div><\/div><\/div><\/div><\/div><\/div><\/section><section class=\"l-section wpb_row height_medium\"><div class=\"l-section-h i-cf\"><div class=\"g-cols vc_row via_grid cols_1 laptops-cols_inherit tablets-cols_inherit mobiles-cols_1 valign_top type_default stacking_default\"><div class=\"wpb_column vc_column_container\"><div class=\"vc_column-inner\"><h3 class=\"w-text us_custom_7946b63b\"><span class=\"w-text-h\"><span class=\"w-text-value\">Profil de l'entreprise<\/span><\/span><\/h3><div class=\"w-separator size_medium\"><\/div><div class=\"g-cols wpb_row via_grid cols_2 laptops-cols_inherit tablets-cols_inherit mobiles-cols_1 valign_top type_default stacking_default\" style=\"--columns-gap:3rem;\"><div class=\"wpb_column vc_column_container\"><div class=\"vc_column-inner\"><div class=\"w-image align_none\"><div class=\"w-image-h\"><img decoding=\"async\" width=\"1024\" height=\"576\" src=\"https:\/\/siboasitrainingmachine.com\/wp-content\/uploads\/2023\/05\/\u65af\u6ce2\u963f\u65af\u5de5\u53821600-1024x576.webp\" class=\"attachment-large size-large\" alt=\"soci\u00e9t\u00e9 siboasi\" loading=\"lazy\" srcset=\"https:\/\/siboasitrainingmachine.com\/wp-content\/uploads\/2023\/05\/\u65af\u6ce2\u963f\u65af\u5de5\u53821600-1024x576.webp 1024w, https:\/\/siboasitrainingmachine.com\/wp-content\/uploads\/2023\/05\/\u65af\u6ce2\u963f\u65af\u5de5\u53821600-300x169.webp 300w, https:\/\/siboasitrainingmachine.com\/wp-content\/uploads\/2023\/05\/\u65af\u6ce2\u963f\u65af\u5de5\u53821600.webp 1600w\" sizes=\"auto, (max-width: 1024px) 100vw, 1024px\" \/><\/div><\/div><\/div><\/div><div class=\"wpb_column vc_column_container\"><div class=\"vc_column-inner\"><div class=\"wpb_text_column\"><div class=\"wpb_wrapper\"><p class=\"title\">SIBOASI est le premier fabricant de machines \u00e0 balles intelligentes \u00e0 Dongguan, en Chine. Nous sommes un groupe sportif intelligent qui int\u00e8gre la recherche et le d\u00e9veloppement, la production, les ventes et les services depuis 2006.<br \/>\nNotre activit\u00e9 s'articule autour de 4 \u00e9l\u00e9ments cl\u00e9s :<br \/>\n1. \u00c9quipement d'entra\u00eenement sportif intelligent (machine d'entra\u00eenement au football, machine de tir au basket-ball, machine d'entra\u00eenement au volley-ball, machine \u00e0 balles de tennis, machine \u00e0 balles de badminton, machine \u00e0 balles de squash, machine \u00e0 corder les raquettes, et autres machines d'entra\u00eenement intelligentes)<br \/>\n2. Complexe sportif intelligent ;<br \/>\n3. Complexe sportif Smart campus<br \/>\n4. Big data du sport.<\/p>\n<div class=\"item fn-clear\">\n<div class=\"float-left texts\">\n<div class=\"text-wrap\">\n<p>Apr\u00e8s 16 ans de d\u00e9veloppement extraordinaire, SIBOASI est devenu le leader de l'industrie des \u00e9quipements sportifs intelligents. Aujourd'hui, nos produits sont export\u00e9s dans plus de 100 pays et r\u00e9gions. Il s'agit d'un ...<\/p>\n<p><a class=\"button\" title=\"Yihe Technology (Shenzhen) Co.,ltd Profil de l&#039;entreprise\" href=\"https:\/\/siboasitrainingmachine.com\/fr\/about-us-more\/\">En savoir plus&gt;&gt;<\/a><\/p>\n<\/div>\n<\/div>\n<\/div>\n<\/div><\/div><\/div><\/div><\/div><\/div><\/div><\/div><\/div><\/section><section class=\"l-section wpb_row height_medium color_alternate\"><div class=\"l-section-h i-cf\"><div class=\"g-cols vc_row via_grid cols_1 laptops-cols_inherit tablets-cols_inherit mobiles-cols_1 valign_top type_default stacking_default\"><div class=\"wpb_column vc_column_container\"><div class=\"vc_column-inner\"><h3 class=\"w-text us_custom_7946b63b\"><span class=\"w-text-h\"><span class=\"w-text-value\">Visite de l'usine<\/span><\/span><\/h3><div class=\"w-separator size_medium\"><\/div><div class=\"g-cols wpb_row via_grid cols_2 laptops-cols_inherit tablets-cols_inherit mobiles-cols_1 valign_top type_default stacking_default\" style=\"--columns-gap:3rem;\"><div class=\"wpb_column vc_column_container\"><div class=\"vc_column-inner\"><div class=\"wpb_text_column\"><div class=\"wpb_wrapper\"><div class=\"text-wrap\">\n<p>Lignes de produits SIBOASI<br \/>\n- Machine \u00e0 balles de tennis (tir),<br \/>\n- Machine \u00e0 tirer pour le basket-ball,<br \/>\n- Machine \u00e0 lancer des ballons de football,<br \/>\n- Volley-ball (tir) Machine,<br \/>\n- Badminton (Shuttlecock) Machine \u00e0 tirer,<br \/>\n- Machine \u00e0 balles de squash,<br \/>\n- Machine \u00e0 tirer pour le tennis de table (Ping-Pong)<br \/>\n- Mat\u00e9riel d'enfilage de raquettes intelligentes (cordeurs ou machines \u00e0 corder).<\/p>\n<p>&nbsp;<\/p>\n<\/div>\n<p class=\"title\"><a class=\"button\" title=\"Visite de l&#039;usine de Yihe Technology (Shenzhen) Co.\" href=\"https:\/\/siboasitrainingmachine.com\/fr\/about-us-more\/#factory\">En savoir plus&gt;&gt;<\/a><\/p>\n<\/div><\/div><\/div><\/div><div class=\"wpb_column vc_column_container\"><div class=\"vc_column-inner\"><div class=\"w-image align_none\"><div class=\"w-image-h\"><img decoding=\"async\" width=\"1024\" height=\"683\" src=\"https:\/\/siboasitrainingmachine.com\/wp-content\/uploads\/2023\/05\/backetball-machine-1024x683.webp\" class=\"attachment-large size-large\" alt=\"machine de backetball\" loading=\"lazy\" srcset=\"https:\/\/siboasitrainingmachine.com\/wp-content\/uploads\/2023\/05\/backetball-machine-1024x683.webp 1024w, https:\/\/siboasitrainingmachine.com\/wp-content\/uploads\/2023\/05\/backetball-machine-300x200.webp 300w, https:\/\/siboasitrainingmachine.com\/wp-content\/uploads\/2023\/05\/backetball-machine.webp 1200w\" sizes=\"auto, (max-width: 1024px) 100vw, 1024px\" \/><\/div><\/div><\/div><\/div><\/div><\/div><\/div><\/div><\/div><\/section><section class=\"l-section wpb_row height_medium\"><div class=\"l-section-h i-cf\"><div class=\"g-cols vc_row via_grid cols_1 laptops-cols_inherit tablets-cols_inherit mobiles-cols_1 valign_top type_default stacking_default\"><div class=\"wpb_column vc_column_container\"><div class=\"vc_column-inner\"><h3 class=\"w-text us_custom_7946b63b\"><span class=\"w-text-h\"><span class=\"w-text-value\">Contr\u00f4le de la qualit\u00e9<\/span><\/span><\/h3><div class=\"w-separator size_medium\"><\/div><div class=\"g-cols wpb_row via_grid cols_2 laptops-cols_inherit tablets-cols_inherit mobiles-cols_1 valign_top type_default stacking_default\" style=\"--columns-gap:3rem;\"><div class=\"wpb_column vc_column_container\"><div class=\"vc_column-inner\"><div class=\"w-image align_none\"><div class=\"w-image-h\"><img decoding=\"async\" width=\"665\" height=\"923\" src=\"https:\/\/siboasitrainingmachine.com\/wp-content\/uploads\/2023\/05\/yihe-qc.webp\" class=\"attachment-large size-large\" alt=\"yihe qc\" loading=\"lazy\" srcset=\"https:\/\/siboasitrainingmachine.com\/wp-content\/uploads\/2023\/05\/yihe-qc.webp 665w, https:\/\/siboasitrainingmachine.com\/wp-content\/uploads\/2023\/05\/yihe-qc-216x300.webp 216w\" sizes=\"auto, (max-width: 665px) 100vw, 665px\" \/><\/div><\/div><\/div><\/div><div class=\"wpb_column vc_column_container\"><div class=\"vc_column-inner\"><div class=\"wpb_text_column\"><div class=\"wpb_wrapper\"><p class=\"text-wrap\">Pourquoi devriez-vous vous associer \u00e0 SIBOASI ?<br \/>\nVous devez vous demander pourquoi vous devriez vous associer \u00e0 SIBOASI ? Voici quelques raisons qui devraient \u00e9veiller votre int\u00e9r\u00eat.<br \/>\n-La soci\u00e9t\u00e9 SIBOASI est certifi\u00e9e ISO 9001.<br \/>\n- Nous n'engageons que des v\u00e9t\u00e9rans de l'industrie et suivons les directives europ\u00e9ennes en mati\u00e8re de production.<br \/>\n- Nous disposons d'une \u00e9quipe de recherche et d\u00e9veloppement de classe mondiale pour le d\u00e9veloppement continu de nos services et de nos produits.<br \/>\n- Pr\u00e8s de 10 ans d'exp\u00e9rience de production dans l'industrie de l'entra\u00eenement sportif.<br \/>\n- Nous fournissons nos services \u00e0 plus de 100 pays et r\u00e9gions.<\/p>\n<p class=\"text-wrap\">- Notre entreprise est actuellement la plus importante de Chine en mati\u00e8re de formation sportive, de recherche et d\u00e9veloppement et d'essais de production.<br \/>\n- Nous respectons strictement les certifications europ\u00e9ennes BV, SGS, CE, ROHS.<br \/>\n- Nous disposons de plus de 230 brevets nationaux pour notre technologie de pointe. N...<\/p>\n<p>&nbsp;<\/p>\n<p class=\"title\"><a class=\"button\" href=\"https:\/\/siboasitrainingmachine.com\/fr\/about-us-more\/#certificates\">En savoir plus&gt;&gt;<\/a><\/p>\n<div class=\"item fn-clear\">\n<div class=\"float-left texts\">\n<p class=\"text-wrap\">\n<\/div>\n<\/div>\n<\/div><\/div><\/div><\/div><\/div><\/div><\/div><\/div><\/div><\/section>","protected":false},"excerpt":{"rendered":"Accueil\/PagesYiHe Technology (Shenzhen) Co,ltd Main Market : Am\u00e9rique du Nord, Am\u00e9rique du Sud, Europe de l'Ouest, Europe de l'Est, Asie de l'Est, Asie du Sud-Est, Moyen-Orient, Afrique, Oc\u00e9anie, Monde entier Type d'entreprise : Fabricant, Agent Marques : SIBOASI Nombre d'employ\u00e9s : 100~1000 Ventes annuelles : 1000000-10000000 Ann\u00e9e de cr\u00e9ation : 2006 Export p.c : 80% - 90% Vous pouvez nous contacter \u00e0 tout moment ! Parce que nous savons que m\u00eame...","protected":false},"author":1,"featured_media":48,"parent":0,"menu_order":0,"comment_status":"closed","ping_status":"closed","template":"","meta":{"_acf_changed":false,"footnotes":""},"class_list":["post-25","page","type-page","status-publish","has-post-thumbnail","hentry"],"acf":[],"_links":{"self":[{"href":"https:\/\/siboasitrainingmachine.com\/fr\/wp-json\/wp\/v2\/pages\/25","targetHints":{"allow":["GET"]}}],"collection":[{"href":"https:\/\/siboasitrainingmachine.com\/fr\/wp-json\/wp\/v2\/pages"}],"about":[{"href":"https:\/\/siboasitrainingmachine.com\/fr\/wp-json\/wp\/v2\/types\/page"}],"author":[{"embeddable":true,"href":"https:\/\/siboasitrainingmachine.com\/fr\/wp-json\/wp\/v2\/users\/1"}],"replies":[{"embeddable":true,"href":"https:\/\/siboasitrainingmachine.com\/fr\/wp-json\/wp\/v2\/comments?post=25"}],"version-history":[{"count":0,"href":"https:\/\/siboasitrainingmachine.com\/fr\/wp-json\/wp\/v2\/pages\/25\/revisions"}],"wp:featuredmedia":[{"embeddable":true,"href":"https:\/\/siboasitrainingmachine.com\/fr\/wp-json\/wp\/v2\/media\/48"}],"wp:attachment":[{"href":"https:\/\/siboasitrainingmachine.com\/fr\/wp-json\/wp\/v2\/media?parent=25"}],"curies":[{"name":"wp","href":"https:\/\/api.w.org\/{rel}","templated":true}]}}