{"id":25,"date":"2023-06-14T11:57:56","date_gmt":"2023-06-14T11:57:56","guid":{"rendered":"https:\/\/siboasitrainingmachine.com\/?page_id=25"},"modified":"2023-06-21T06:08:57","modified_gmt":"2023-06-21T06:08:57","slug":"about-us","status":"publish","type":"page","link":"https:\/\/siboasitrainingmachine.com\/es\/about-us\/","title":{"rendered":"Qui\u00e9nes somos"},"content":{"rendered":"<section class=\"l-section wpb_row height_medium\"><div class=\"l-section-h i-cf\"><div class=\"g-cols vc_row via_grid cols_1 laptops-cols_inherit tablets-cols_inherit mobiles-cols_1 valign_top type_default stacking_default\"><div class=\"wpb_column vc_column_container\"><div class=\"vc_column-inner\"><div class=\"g-cols wpb_row via_grid cols_1 laptops-cols_inherit tablets-cols_inherit mobiles-cols_1 valign_top type_default stacking_default\" style=\"--columns-gap:3rem;\"><div class=\"wpb_column vc_column_container\"><div class=\"vc_column-inner\"><nav class=\"g-breadcrumbs separator_custom align_none\" itemscope itemtype=\"http:\/\/schema.org\/BreadcrumbList\"><div class=\"g-breadcrumbs-item\" itemscope itemprop=\"itemListElement\" itemtype=\"http:\/\/schema.org\/ListItem\"><a itemprop=\"item\" href=\"https:\/\/siboasitrainingmachine.com\/es\/\"><span itemprop=\"name\">Inicio<\/span><\/a><meta itemprop=\"position\" content=\"1\"\/><\/div><div class=\"g-breadcrumbs-separator\">\/<\/div><div class=\"g-breadcrumbs-item\">P\u00e1ginas<\/div><\/nav><div class=\"w-separator size_medium\"><\/div><\/div><\/div><\/div><div class=\"g-cols wpb_row via_grid cols_2 laptops-cols_inherit tablets-cols_inherit mobiles-cols_1 valign_top type_default stacking_default\" style=\"--columns-gap:3rem;\"><div class=\"wpb_column vc_column_container\"><div class=\"vc_column-inner\"><div class=\"w-slider style_none fit_cover nav_dots count_6\"><div class=\"w-slider-h\"><div class=\"royalSlider\"><div class=\"rsContent\"><a class=\"rsImg\" data-rsw=\"1600\" data-rsh=\"900\" href=\"https:\/\/siboasitrainingmachine.com\/wp-content\/uploads\/2023\/05\/\u65af\u6ce2\u963f\u65af\u5de5\u53821600.webp\"><span data-alt=\"siboasi company\"><\/span><\/a><\/div><div class=\"rsContent\"><a class=\"rsImg\" data-rsw=\"600\" data-rsh=\"400\" href=\"https:\/\/siboasitrainingmachine.com\/wp-content\/uploads\/2023\/05\/cl68978329-yihe_technology_shenzhen_co_ltd.webp\"><span data-alt=\"yihe_technology_shenzhen_co_ltd\"><\/span><\/a><\/div><div class=\"rsContent\"><a class=\"rsImg\" data-rsw=\"1000\" data-rsh=\"611\" href=\"https:\/\/siboasitrainingmachine.com\/wp-content\/uploads\/2023\/05\/2168-202009241923328184.jpg\"><span data-alt=\"\"><\/span><\/a><\/div><div class=\"rsContent\"><a class=\"rsImg\" data-rsw=\"1000\" data-rsh=\"611\" href=\"https:\/\/siboasitrainingmachine.com\/wp-content\/uploads\/2023\/05\/2168-202009081915197264.jpg\"><span data-alt=\"\"><\/span><\/a><\/div><div class=\"rsContent\"><a class=\"rsImg\" data-rsw=\"600\" data-rsh=\"400\" href=\"https:\/\/siboasitrainingmachine.com\/wp-content\/uploads\/2023\/05\/cl68978798-yihe_technology_shenzhen_co_ltd.webp\"><span data-alt=\"cl68978798-yihe_technology_shenzhen_co_ltd\"><\/span><\/a><\/div><div class=\"rsContent\"><a class=\"rsImg\" data-rsw=\"600\" data-rsh=\"400\" href=\"https:\/\/siboasitrainingmachine.com\/wp-content\/uploads\/2023\/05\/cl68979262-yihe_technology_shenzhen_co_ltd.webp\"><span data-alt=\"cl68979262-yihe_technology_shenzhen_co_ltd\"><\/span><\/a><\/div><\/div><img decoding=\"async\" src=\"https:\/\/siboasitrainingmachine.com\/wp-content\/uploads\/2023\/05\/\u65af\u6ce2\u963f\u65af\u5de5\u53821600.webp\" width=\"1600\" height=\"900\" alt=\"empresa siboasi\" loading=\"lazy\"><\/div><div class=\"w-slider-json\" onclick='return {&quot;autoScaleSlider&quot;:true,&quot;addActiveClass&quot;:true,&quot;loop&quot;:true,&quot;fadeInLoadedSlide&quot;:false,&quot;slidesSpacing&quot;:0,&quot;imageScalePadding&quot;:0,&quot;numImagesToPreload&quot;:2,&quot;arrowsNav&quot;:true,&quot;arrowsNavAutoHide&quot;:true,&quot;transitionType&quot;:&quot;move&quot;,&quot;transitionSpeed&quot;:250,&quot;block&quot;:{&quot;moveEffect&quot;:&quot;none&quot;,&quot;speed&quot;:300},&quot;thumbs&quot;:{&quot;fitInViewport&quot;:false,&quot;firstMargin&quot;:false,&quot;spacing&quot;:4},&quot;controlNavigation&quot;:&quot;bullets&quot;,&quot;autoplay&quot;:{&quot;enabled&quot;:true,&quot;pauseOnHover&quot;:true,&quot;delay&quot;:3000},&quot;autoScaleSliderWidth&quot;:1600,&quot;autoScaleSliderHeight&quot;:900}'><\/div><\/div><\/div><\/div><div class=\"wpb_column vc_column_container\"><div class=\"vc_column-inner\"><h4 class=\"w-text us_custom_7946b63b\"><span class=\"w-text-h\"><span class=\"w-text-value\">YiHe Technology (Shenzhen) Co.,ltd<\/span><\/span><\/h4><div class=\"wpb_text_column\"><div class=\"wpb_wrapper\"><table border=\"0\" width=\"983\" cellspacing=\"0\" cellpadding=\"0\">\n<tbody>\n<tr>\n<td class=\"et2\" width=\"263\" height=\"36\">Mercado principal:<\/td>\n<td class=\"et3\" width=\"720\">Am\u00e9rica del Norte, Am\u00e9rica del Sur, Europa Occidental, Europa Oriental, Asia Oriental, Sudeste Asi\u00e1tico, Oriente Medio, \u00c1frica, Ocean\u00eda, Mundo<\/td>\n<\/tr>\n<tr>\n<td class=\"et2\" width=\"263\" height=\"18\">Tipo de negocio:<\/td>\n<td class=\"et3\" width=\"720\">Fabricante, Agente<\/td>\n<\/tr>\n<tr>\n<td class=\"et2\" width=\"263\" height=\"18\">Marcas:<\/td>\n<td class=\"et3\" width=\"720\">SIBOASI<\/td>\n<\/tr>\n<tr>\n<td class=\"et2\" width=\"263\" height=\"18\">N\u00ba de empleados:<\/td>\n<td class=\"et3\" width=\"720\">100~1000<\/td>\n<\/tr>\n<tr>\n<td class=\"et2\" width=\"263\" height=\"18\">Ventas anuales:<\/td>\n<td class=\"et3\" width=\"720\">1000000-10000000<\/td>\n<\/tr>\n<tr>\n<td class=\"et2\" width=\"263\" height=\"18\">A\u00f1o de fundaci\u00f3n:<\/td>\n<td class=\"et3\" style=\"text-align: left;\" align=\"right\" width=\"720\">2006<\/td>\n<\/tr>\n<tr>\n<td class=\"et2\" width=\"263\" height=\"18\">Exportaci\u00f3n p.c:<\/td>\n<td class=\"et3\" width=\"720\">80% - 90%<\/td>\n<\/tr>\n<\/tbody>\n<\/table>\n<\/div><\/div><\/div><\/div><\/div><\/div><\/div><\/div><\/div><\/section><section class=\"l-section wpb_row height_medium color_primary\"><div class=\"l-section-overlay\" style=\"background:var(--color-header-top-bg)\"><\/div><div class=\"l-section-h i-cf\"><div class=\"g-cols vc_row via_grid cols_1 laptops-cols_inherit tablets-cols_inherit mobiles-cols_1 valign_top type_default stacking_default\"><div class=\"wpb_column vc_column_container\"><div class=\"vc_column-inner\"><div class=\"wpb_text_column us_custom_76cad64f\"><div class=\"wpb_wrapper\"><h2 style=\"text-align: center;\">En cualquier momento puede ponerse en contacto con nosotros<\/h2>\n<p style=\"text-align: center;\">Porque sabemos que incluso los mejores productos son tan buenos como las personas que los respaldan. Soporte t\u00e9cnico 24\/7.<\/p>\n<\/div><\/div><\/div><\/div><\/div><\/div><\/section><section class=\"l-section wpb_row height_medium\"><div class=\"l-section-h i-cf\"><div class=\"g-cols vc_row via_grid cols_1 laptops-cols_inherit tablets-cols_inherit mobiles-cols_1 valign_top type_default stacking_default\"><div class=\"wpb_column vc_column_container\"><div class=\"vc_column-inner\"><h3 class=\"w-text us_custom_7946b63b\"><span class=\"w-text-h\"><span class=\"w-text-value\">Perfil de la empresa<\/span><\/span><\/h3><div class=\"w-separator size_medium\"><\/div><div class=\"g-cols wpb_row via_grid cols_2 laptops-cols_inherit tablets-cols_inherit mobiles-cols_1 valign_top type_default stacking_default\" style=\"--columns-gap:3rem;\"><div class=\"wpb_column vc_column_container\"><div class=\"vc_column-inner\"><div class=\"w-image align_none\"><div class=\"w-image-h\"><img decoding=\"async\" width=\"1024\" height=\"576\" src=\"https:\/\/siboasitrainingmachine.com\/wp-content\/uploads\/2023\/05\/\u65af\u6ce2\u963f\u65af\u5de5\u53821600-1024x576.webp\" class=\"attachment-large size-large\" alt=\"empresa siboasi\" loading=\"lazy\" srcset=\"https:\/\/siboasitrainingmachine.com\/wp-content\/uploads\/2023\/05\/\u65af\u6ce2\u963f\u65af\u5de5\u53821600-1024x576.webp 1024w, https:\/\/siboasitrainingmachine.com\/wp-content\/uploads\/2023\/05\/\u65af\u6ce2\u963f\u65af\u5de5\u53821600-300x169.webp 300w, https:\/\/siboasitrainingmachine.com\/wp-content\/uploads\/2023\/05\/\u65af\u6ce2\u963f\u65af\u5de5\u53821600.webp 1600w\" sizes=\"auto, (max-width: 1024px) 100vw, 1024px\" \/><\/div><\/div><\/div><\/div><div class=\"wpb_column vc_column_container\"><div class=\"vc_column-inner\"><div class=\"wpb_text_column\"><div class=\"wpb_wrapper\"><p class=\"title\">SIBOASI ha sido el fabricante n\u00famero 1 de m\u00e1quinas inteligentes de bolas en Dongguan, China. Somos un grupo integrado de deportes inteligentes que integra I+D, producci\u00f3n, ventas y servicios desde 2006.<br \/>\nNuestro negocio gira en torno a 4 aspectos clave:<br \/>\n1. Equipos inteligentes de entrenamiento deportivo (m\u00e1quina de entrenamiento de f\u00fatbol, m\u00e1quina de tiro de baloncesto, m\u00e1quina de entrenamiento de voleibol, m\u00e1quina de pelotas de tenis, m\u00e1quina de alimentaci\u00f3n de b\u00e1dminton, m\u00e1quina de pelotas de squash, m\u00e1quina de encordado de raquetas y otras m\u00e1quinas inteligentes de entrenamiento).<br \/>\n2. Complejo deportivo inteligente;<br \/>\n3. Complejo deportivo del campus inteligente<br \/>\n4. Big data del deporte.<\/p>\n<div class=\"item fn-clear\">\n<div class=\"float-left texts\">\n<div class=\"text-wrap\">\n<p>Tras 16 a\u00f1os de extraordinario desarrollo, SIBOASI se ha convertido en l\u00edder de la industria de equipamiento deportivo inteligente. En la actualidad, nuestros productos se exportan a m\u00e1s de 100 pa\u00edses y regiones. Es un ...<\/p>\n<p><a class=\"button\" title=\"Yihe Technology (Shenzhen) Co.,ltd Perfil de la empresa\" href=\"https:\/\/siboasitrainingmachine.com\/es\/about-us-more\/\">M\u00e1s informaci\u00f3n&gt;&gt;<\/a><\/p>\n<\/div>\n<\/div>\n<\/div>\n<\/div><\/div><\/div><\/div><\/div><\/div><\/div><\/div><\/div><\/section><section class=\"l-section wpb_row height_medium color_alternate\"><div class=\"l-section-h i-cf\"><div class=\"g-cols vc_row via_grid cols_1 laptops-cols_inherit tablets-cols_inherit mobiles-cols_1 valign_top type_default stacking_default\"><div class=\"wpb_column vc_column_container\"><div class=\"vc_column-inner\"><h3 class=\"w-text us_custom_7946b63b\"><span class=\"w-text-h\"><span class=\"w-text-value\">Visita a la f\u00e1brica<\/span><\/span><\/h3><div class=\"w-separator size_medium\"><\/div><div class=\"g-cols wpb_row via_grid cols_2 laptops-cols_inherit tablets-cols_inherit mobiles-cols_1 valign_top type_default stacking_default\" style=\"--columns-gap:3rem;\"><div class=\"wpb_column vc_column_container\"><div class=\"vc_column-inner\"><div class=\"wpb_text_column\"><div class=\"wpb_wrapper\"><div class=\"text-wrap\">\n<p>L\u00edneas de productos SIBOASI<br \/>\n- M\u00e1quina de pelotas de tenis (de tiro),<br \/>\n- M\u00e1quina de tirar a canasta,<br \/>\n- M\u00e1quina lanzadora de f\u00fatbol,<br \/>\n- Voleibol (tiro) M\u00e1quina,<br \/>\n- M\u00e1quina de tiro de b\u00e1dminton (volante),<br \/>\n- M\u00e1quina de bolas de squash,<br \/>\n- M\u00e1quina de ping-pong<br \/>\n- Equipo de enhebrado de raquetas inteligentes (encordadoras o m\u00e1quina de encordar).<\/p>\n<p>&nbsp;<\/p>\n<\/div>\n<p class=\"title\"><a class=\"button\" title=\"Visita a la f\u00e1brica de Yihe Technology (Shenzhen) Co.,ltd\" href=\"https:\/\/siboasitrainingmachine.com\/es\/about-us-more\/#factory\">M\u00e1s informaci\u00f3n&gt;&gt;<\/a><\/p>\n<\/div><\/div><\/div><\/div><div class=\"wpb_column vc_column_container\"><div class=\"vc_column-inner\"><div class=\"w-image align_none\"><div class=\"w-image-h\"><img decoding=\"async\" width=\"1024\" height=\"683\" src=\"https:\/\/siboasitrainingmachine.com\/wp-content\/uploads\/2023\/05\/backetball-machine-1024x683.webp\" class=\"attachment-large size-large\" alt=\"m\u00e1quina de backetball\" loading=\"lazy\" srcset=\"https:\/\/siboasitrainingmachine.com\/wp-content\/uploads\/2023\/05\/backetball-machine-1024x683.webp 1024w, https:\/\/siboasitrainingmachine.com\/wp-content\/uploads\/2023\/05\/backetball-machine-300x200.webp 300w, https:\/\/siboasitrainingmachine.com\/wp-content\/uploads\/2023\/05\/backetball-machine.webp 1200w\" sizes=\"auto, (max-width: 1024px) 100vw, 1024px\" \/><\/div><\/div><\/div><\/div><\/div><\/div><\/div><\/div><\/div><\/section><section class=\"l-section wpb_row height_medium\"><div class=\"l-section-h i-cf\"><div class=\"g-cols vc_row via_grid cols_1 laptops-cols_inherit tablets-cols_inherit mobiles-cols_1 valign_top type_default stacking_default\"><div class=\"wpb_column vc_column_container\"><div class=\"vc_column-inner\"><h3 class=\"w-text us_custom_7946b63b\"><span class=\"w-text-h\"><span class=\"w-text-value\">Control de calidad<\/span><\/span><\/h3><div class=\"w-separator size_medium\"><\/div><div class=\"g-cols wpb_row via_grid cols_2 laptops-cols_inherit tablets-cols_inherit mobiles-cols_1 valign_top type_default stacking_default\" style=\"--columns-gap:3rem;\"><div class=\"wpb_column vc_column_container\"><div class=\"vc_column-inner\"><div class=\"w-image align_none\"><div class=\"w-image-h\"><img decoding=\"async\" width=\"665\" height=\"923\" src=\"https:\/\/siboasitrainingmachine.com\/wp-content\/uploads\/2023\/05\/yihe-qc.webp\" class=\"attachment-large size-large\" alt=\"yihe qc\" loading=\"lazy\" srcset=\"https:\/\/siboasitrainingmachine.com\/wp-content\/uploads\/2023\/05\/yihe-qc.webp 665w, https:\/\/siboasitrainingmachine.com\/wp-content\/uploads\/2023\/05\/yihe-qc-216x300.webp 216w\" sizes=\"auto, (max-width: 665px) 100vw, 665px\" \/><\/div><\/div><\/div><\/div><div class=\"wpb_column vc_column_container\"><div class=\"vc_column-inner\"><div class=\"wpb_text_column\"><div class=\"wpb_wrapper\"><p class=\"text-wrap\">\u00bfPor qu\u00e9 deber\u00eda asociarse con SIBOASI?<br \/>\nAhora se estar\u00e1 preguntando por qu\u00e9 asociarse con SIBOASI. He aqu\u00ed algunas razones que deber\u00edan despertar su inter\u00e9s.<br \/>\n-SIBOASI cuenta con la certificaci\u00f3n ISO 9001.<br \/>\n- S\u00f3lo contratamos a veteranos del sector y seguimos las directrices de producci\u00f3n europeas.<br \/>\n- Mantenemos un equipo de I+D de categor\u00eda mundial para el desarrollo continuo de nuestros servicios y productos.<br \/>\n- Casi 10 a\u00f1os de experiencia en producci\u00f3n en la industria del entrenamiento deportivo.<br \/>\n- Prestamos nuestros servicios a m\u00e1s de 100 pa\u00edses y regiones.<\/p>\n<p class=\"text-wrap\">- Nuestra empresa es actualmente la mayor de China en formaci\u00f3n deportiva, I+D y pruebas de producci\u00f3n.<br \/>\n- Seguimos estrictamente las certificaciones europeas de productos BV, SGS, CE, ROHS.<br \/>\n- Tenemos m\u00e1s de 230 patentes nacionales por nuestra tecnolog\u00eda punta. N...<\/p>\n<p>&nbsp;<\/p>\n<p class=\"title\"><a class=\"button\" href=\"https:\/\/siboasitrainingmachine.com\/es\/about-us-more\/#certificates\">M\u00e1s informaci\u00f3n&gt;&gt;<\/a><\/p>\n<div class=\"item fn-clear\">\n<div class=\"float-left texts\">\n<p class=\"text-wrap\">\n<\/div>\n<\/div>\n<\/div><\/div><\/div><\/div><\/div><\/div><\/div><\/div><\/div><\/section>","protected":false},"excerpt":{"rendered":"Inicio\/P\u00e1ginasYiHe Technology (Shenzhen) Co.,ltd Mercado Principal: Am\u00e9rica del Norte, Am\u00e9rica del Sur, Europa Occidental, Europa del Este, Asia Oriental, Sudeste Asi\u00e1tico, Oriente Medio, \u00c1frica, Ocean\u00eda, Mundial Tipo de Negocio: Fabricante, Agente Marcas: SIBOASI N\u00ba de Empleados: 100~1000 Ventas anuales: 1000000-10000000 A\u00f1o de fundaci\u00f3n: 2006 Export p.c: 80% - 90% \u00a1En cualquier momento puede ponerse en contacto con nosotros! Porque sabemos que incluso...","protected":false},"author":1,"featured_media":48,"parent":0,"menu_order":0,"comment_status":"closed","ping_status":"closed","template":"","meta":{"_acf_changed":false,"footnotes":""},"class_list":["post-25","page","type-page","status-publish","has-post-thumbnail","hentry"],"acf":[],"_links":{"self":[{"href":"https:\/\/siboasitrainingmachine.com\/es\/wp-json\/wp\/v2\/pages\/25","targetHints":{"allow":["GET"]}}],"collection":[{"href":"https:\/\/siboasitrainingmachine.com\/es\/wp-json\/wp\/v2\/pages"}],"about":[{"href":"https:\/\/siboasitrainingmachine.com\/es\/wp-json\/wp\/v2\/types\/page"}],"author":[{"embeddable":true,"href":"https:\/\/siboasitrainingmachine.com\/es\/wp-json\/wp\/v2\/users\/1"}],"replies":[{"embeddable":true,"href":"https:\/\/siboasitrainingmachine.com\/es\/wp-json\/wp\/v2\/comments?post=25"}],"version-history":[{"count":0,"href":"https:\/\/siboasitrainingmachine.com\/es\/wp-json\/wp\/v2\/pages\/25\/revisions"}],"wp:featuredmedia":[{"embeddable":true,"href":"https:\/\/siboasitrainingmachine.com\/es\/wp-json\/wp\/v2\/media\/48"}],"wp:attachment":[{"href":"https:\/\/siboasitrainingmachine.com\/es\/wp-json\/wp\/v2\/media?parent=25"}],"curies":[{"name":"wp","href":"https:\/\/api.w.org\/{rel}","templated":true}]}}