{"id":25,"date":"2023-06-14T11:57:56","date_gmt":"2023-06-14T11:57:56","guid":{"rendered":"https:\/\/siboasitrainingmachine.com\/?page_id=25"},"modified":"2023-06-21T06:08:57","modified_gmt":"2023-06-21T06:08:57","slug":"about-us","status":"publish","type":"page","link":"https:\/\/siboasitrainingmachine.com\/de\/about-us\/","title":{"rendered":"\u00dcber US"},"content":{"rendered":"<section class=\"l-section wpb_row height_medium\"><div class=\"l-section-h i-cf\"><div class=\"g-cols vc_row via_grid cols_1 laptops-cols_inherit tablets-cols_inherit mobiles-cols_1 valign_top type_default stacking_default\"><div class=\"wpb_column vc_column_container\"><div class=\"vc_column-inner\"><div class=\"g-cols wpb_row via_grid cols_1 laptops-cols_inherit tablets-cols_inherit mobiles-cols_1 valign_top type_default stacking_default\" style=\"--columns-gap:3rem;\"><div class=\"wpb_column vc_column_container\"><div class=\"vc_column-inner\"><nav class=\"g-breadcrumbs separator_custom align_none\" itemscope itemtype=\"http:\/\/schema.org\/BreadcrumbList\"><div class=\"g-breadcrumbs-item\" itemscope itemprop=\"itemListElement\" itemtype=\"http:\/\/schema.org\/ListItem\"><a itemprop=\"item\" href=\"https:\/\/siboasitrainingmachine.com\/de\/\"><span itemprop=\"name\">Start<\/span><\/a><meta itemprop=\"position\" content=\"1\"\/><\/div><div class=\"g-breadcrumbs-separator\">\/<\/div><div class=\"g-breadcrumbs-item\">Seiten<\/div><\/nav><div class=\"w-separator size_medium\"><\/div><\/div><\/div><\/div><div class=\"g-cols wpb_row via_grid cols_2 laptops-cols_inherit tablets-cols_inherit mobiles-cols_1 valign_top type_default stacking_default\" style=\"--columns-gap:3rem;\"><div class=\"wpb_column vc_column_container\"><div class=\"vc_column-inner\"><div class=\"w-slider style_none fit_cover nav_dots count_6\"><div class=\"w-slider-h\"><div class=\"royalSlider\"><div class=\"rsContent\"><a class=\"rsImg\" data-rsw=\"1600\" data-rsh=\"900\" href=\"https:\/\/siboasitrainingmachine.com\/wp-content\/uploads\/2023\/05\/\u65af\u6ce2\u963f\u65af\u5de5\u53821600.webp\"><span data-alt=\"siboasi company\"><\/span><\/a><\/div><div class=\"rsContent\"><a class=\"rsImg\" data-rsw=\"600\" data-rsh=\"400\" href=\"https:\/\/siboasitrainingmachine.com\/wp-content\/uploads\/2023\/05\/cl68978329-yihe_technology_shenzhen_co_ltd.webp\"><span data-alt=\"yihe_technology_shenzhen_co_ltd\"><\/span><\/a><\/div><div class=\"rsContent\"><a class=\"rsImg\" data-rsw=\"1000\" data-rsh=\"611\" href=\"https:\/\/siboasitrainingmachine.com\/wp-content\/uploads\/2023\/05\/2168-202009241923328184.jpg\"><span data-alt=\"\"><\/span><\/a><\/div><div class=\"rsContent\"><a class=\"rsImg\" data-rsw=\"1000\" data-rsh=\"611\" href=\"https:\/\/siboasitrainingmachine.com\/wp-content\/uploads\/2023\/05\/2168-202009081915197264.jpg\"><span data-alt=\"\"><\/span><\/a><\/div><div class=\"rsContent\"><a class=\"rsImg\" data-rsw=\"600\" data-rsh=\"400\" href=\"https:\/\/siboasitrainingmachine.com\/wp-content\/uploads\/2023\/05\/cl68978798-yihe_technology_shenzhen_co_ltd.webp\"><span data-alt=\"cl68978798-yihe_technology_shenzhen_co_ltd\"><\/span><\/a><\/div><div class=\"rsContent\"><a class=\"rsImg\" data-rsw=\"600\" data-rsh=\"400\" href=\"https:\/\/siboasitrainingmachine.com\/wp-content\/uploads\/2023\/05\/cl68979262-yihe_technology_shenzhen_co_ltd.webp\"><span data-alt=\"cl68979262-yihe_technology_shenzhen_co_ltd\"><\/span><\/a><\/div><\/div><img decoding=\"async\" src=\"https:\/\/siboasitrainingmachine.com\/wp-content\/uploads\/2023\/05\/\u65af\u6ce2\u963f\u65af\u5de5\u53821600.webp\" width=\"1600\" height=\"900\" alt=\"Unternehmen Siboasi\" loading=\"lazy\"><\/div><div class=\"w-slider-json\" onclick='return {&quot;autoScaleSlider&quot;:true,&quot;addActiveClass&quot;:true,&quot;loop&quot;:true,&quot;fadeInLoadedSlide&quot;:false,&quot;slidesSpacing&quot;:0,&quot;imageScalePadding&quot;:0,&quot;numImagesToPreload&quot;:2,&quot;arrowsNav&quot;:true,&quot;arrowsNavAutoHide&quot;:true,&quot;transitionType&quot;:&quot;move&quot;,&quot;transitionSpeed&quot;:250,&quot;block&quot;:{&quot;moveEffect&quot;:&quot;none&quot;,&quot;speed&quot;:300},&quot;thumbs&quot;:{&quot;fitInViewport&quot;:false,&quot;firstMargin&quot;:false,&quot;spacing&quot;:4},&quot;controlNavigation&quot;:&quot;bullets&quot;,&quot;autoplay&quot;:{&quot;enabled&quot;:true,&quot;pauseOnHover&quot;:true,&quot;delay&quot;:3000},&quot;autoScaleSliderWidth&quot;:1600,&quot;autoScaleSliderHeight&quot;:900}'><\/div><\/div><\/div><\/div><div class=\"wpb_column vc_column_container\"><div class=\"vc_column-inner\"><h4 class=\"w-text us_custom_7946b63b\"><span class=\"w-text-h\"><span class=\"w-text-value\">YiHe Technology (Shenzhen) Co.,ltd<\/span><\/span><\/h4><div class=\"wpb_text_column\"><div class=\"wpb_wrapper\"><table border=\"0\" width=\"983\" cellspacing=\"0\" cellpadding=\"0\">\n<tbody>\n<tr>\n<td class=\"et2\" width=\"263\" height=\"36\">Hauptmarkt:<\/td>\n<td class=\"et3\" width=\"720\">Nordamerika, S\u00fcdamerika, Westeuropa, Osteuropa, Ostasien, S\u00fcdostasien, Naher Osten, Afrika, Ozeanien, Weltweit<\/td>\n<\/tr>\n<tr>\n<td class=\"et2\" width=\"263\" height=\"18\">Gesch\u00e4ftstyp:<\/td>\n<td class=\"et3\" width=\"720\">Hersteller, Agent<\/td>\n<\/tr>\n<tr>\n<td class=\"et2\" width=\"263\" height=\"18\">Marken:<\/td>\n<td class=\"et3\" width=\"720\">SIBOASI<\/td>\n<\/tr>\n<tr>\n<td class=\"et2\" width=\"263\" height=\"18\">Anzahl der Mitarbeiter:<\/td>\n<td class=\"et3\" width=\"720\">100~1000<\/td>\n<\/tr>\n<tr>\n<td class=\"et2\" width=\"263\" height=\"18\">J\u00e4hrlicher Umsatz:<\/td>\n<td class=\"et3\" width=\"720\">1000000-10000000<\/td>\n<\/tr>\n<tr>\n<td class=\"et2\" width=\"263\" height=\"18\">Jahr der Gr\u00fcndung:<\/td>\n<td class=\"et3\" style=\"text-align: left;\" align=\"right\" width=\"720\">2006<\/td>\n<\/tr>\n<tr>\n<td class=\"et2\" width=\"263\" height=\"18\">Export p.c:<\/td>\n<td class=\"et3\" width=\"720\">80% - 90%<\/td>\n<\/tr>\n<\/tbody>\n<\/table>\n<\/div><\/div><\/div><\/div><\/div><\/div><\/div><\/div><\/div><\/section><section class=\"l-section wpb_row height_medium color_primary\"><div class=\"l-section-overlay\" style=\"background:var(--color-header-top-bg)\"><\/div><div class=\"l-section-h i-cf\"><div class=\"g-cols vc_row via_grid cols_1 laptops-cols_inherit tablets-cols_inherit mobiles-cols_1 valign_top type_default stacking_default\"><div class=\"wpb_column vc_column_container\"><div class=\"vc_column-inner\"><div class=\"wpb_text_column us_custom_76cad64f\"><div class=\"wpb_wrapper\"><h2 style=\"text-align: center;\">Sie k\u00f6nnen uns jederzeit kontaktieren!<\/h2>\n<p style=\"text-align: center;\">Denn wir wissen, dass selbst die besten Produkte nur so gut sind wie die Menschen, die hinter ihnen stehen. 24\/7 technische Unterst\u00fctzung.<\/p>\n<\/div><\/div><\/div><\/div><\/div><\/div><\/section><section class=\"l-section wpb_row height_medium\"><div class=\"l-section-h i-cf\"><div class=\"g-cols vc_row via_grid cols_1 laptops-cols_inherit tablets-cols_inherit mobiles-cols_1 valign_top type_default stacking_default\"><div class=\"wpb_column vc_column_container\"><div class=\"vc_column-inner\"><h3 class=\"w-text us_custom_7946b63b\"><span class=\"w-text-h\"><span class=\"w-text-value\">Unternehmensprofil<\/span><\/span><\/h3><div class=\"w-separator size_medium\"><\/div><div class=\"g-cols wpb_row via_grid cols_2 laptops-cols_inherit tablets-cols_inherit mobiles-cols_1 valign_top type_default stacking_default\" style=\"--columns-gap:3rem;\"><div class=\"wpb_column vc_column_container\"><div class=\"vc_column-inner\"><div class=\"w-image align_none\"><div class=\"w-image-h\"><img decoding=\"async\" width=\"1024\" height=\"576\" src=\"https:\/\/siboasitrainingmachine.com\/wp-content\/uploads\/2023\/05\/\u65af\u6ce2\u963f\u65af\u5de5\u53821600-1024x576.webp\" class=\"attachment-large size-large\" alt=\"Unternehmen Siboasi\" loading=\"lazy\" srcset=\"https:\/\/siboasitrainingmachine.com\/wp-content\/uploads\/2023\/05\/\u65af\u6ce2\u963f\u65af\u5de5\u53821600-1024x576.webp 1024w, https:\/\/siboasitrainingmachine.com\/wp-content\/uploads\/2023\/05\/\u65af\u6ce2\u963f\u65af\u5de5\u53821600-300x169.webp 300w, https:\/\/siboasitrainingmachine.com\/wp-content\/uploads\/2023\/05\/\u65af\u6ce2\u963f\u65af\u5de5\u53821600.webp 1600w\" sizes=\"auto, (max-width: 1024px) 100vw, 1024px\" \/><\/div><\/div><\/div><\/div><div class=\"wpb_column vc_column_container\"><div class=\"vc_column-inner\"><div class=\"wpb_text_column\"><div class=\"wpb_wrapper\"><p class=\"title\">SIBOASI ist die Nr. 1 unter den Herstellern intelligenter Ballmaschinen in Dongguan, China. Wir sind ein integrierter intelligenter Sportkonzern, der seit 2006 Forschung und Entwicklung, Produktion, Vertrieb und Service miteinander verbindet.<br \/>\nUnser Gesch\u00e4ft dreht sich um 4 wichtige Dinge:<br \/>\n1. Intelligente Sporttrainingsger\u00e4te (Fu\u00dfball-Trainingsmaschine, Basketball-Schussmaschine, Volleyball-Trainingsmaschine, Tennis-Ballmaschine, Badminton-Ballmaschine, Squash-Ballmaschine, Schl\u00e4ger-Bespannmaschine und andere intelligente Trainingsmaschinen)<br \/>\n2. Intelligenter Sportkomplex;<br \/>\n3. Intelligenter Sportkomplex auf dem Campus<br \/>\n4. Big Data des Sports.<\/p>\n<div class=\"item fn-clear\">\n<div class=\"float-left texts\">\n<div class=\"text-wrap\">\n<p>Nach 16 Jahren au\u00dfergew\u00f6hnlicher Entwicklung ist SIBOASI zum Marktf\u00fchrer in der Branche f\u00fcr intelligente Sportger\u00e4te geworden. Und heute werden unsere Produkte in mehr als 100 L\u00e4nder und Regionen exportiert. Es ist ein ...<\/p>\n<p><a class=\"button\" title=\"Yihe Technology (Shenzhen) Co.,ltd Firmenprofil\" href=\"https:\/\/siboasitrainingmachine.com\/de\/about-us-more\/\">Mehr erfahren&gt;&gt;<\/a><\/p>\n<\/div>\n<\/div>\n<\/div>\n<\/div><\/div><\/div><\/div><\/div><\/div><\/div><\/div><\/div><\/section><section class=\"l-section wpb_row height_medium color_alternate\"><div class=\"l-section-h i-cf\"><div class=\"g-cols vc_row via_grid cols_1 laptops-cols_inherit tablets-cols_inherit mobiles-cols_1 valign_top type_default stacking_default\"><div class=\"wpb_column vc_column_container\"><div class=\"vc_column-inner\"><h3 class=\"w-text us_custom_7946b63b\"><span class=\"w-text-h\"><span class=\"w-text-value\">Fabrik Tour<\/span><\/span><\/h3><div class=\"w-separator size_medium\"><\/div><div class=\"g-cols wpb_row via_grid cols_2 laptops-cols_inherit tablets-cols_inherit mobiles-cols_1 valign_top type_default stacking_default\" style=\"--columns-gap:3rem;\"><div class=\"wpb_column vc_column_container\"><div class=\"vc_column-inner\"><div class=\"wpb_text_column\"><div class=\"wpb_wrapper\"><div class=\"text-wrap\">\n<p>SIBOASI Produktlinien<br \/>\n- Tennisball (Schie\u00dfmaschine),<br \/>\n- Basketball-Schussmaschine,<br \/>\n- Fu\u00dfball (Soccer) Wurfmaschine,<br \/>\n- Volleyball (Schie\u00dfen) Maschine,<br \/>\n- Badminton (Shuttlecock) Schie\u00dfmaschine,<br \/>\n- Squash Ball Maschine,<br \/>\n- Tischtennis (Ping-Pong) Schie\u00dfmaschine<br \/>\n- Smart Racquet (Schl\u00e4ger) Einf\u00e4delausr\u00fcstung (Besaiter oder Besaitungsmaschine).<\/p>\n<p>&nbsp;<\/p>\n<\/div>\n<p class=\"title\"><a class=\"button\" title=\"Yihe Technology (Shenzhen) Co.,ltd Werksbesichtigung\" href=\"https:\/\/siboasitrainingmachine.com\/de\/about-us-more\/#factory\">Mehr erfahren&gt;&gt;<\/a><\/p>\n<\/div><\/div><\/div><\/div><div class=\"wpb_column vc_column_container\"><div class=\"vc_column-inner\"><div class=\"w-image align_none\"><div class=\"w-image-h\"><img decoding=\"async\" width=\"1024\" height=\"683\" src=\"https:\/\/siboasitrainingmachine.com\/wp-content\/uploads\/2023\/05\/backetball-machine-1024x683.webp\" class=\"attachment-large size-large\" alt=\"Backetball-Maschine\" loading=\"lazy\" srcset=\"https:\/\/siboasitrainingmachine.com\/wp-content\/uploads\/2023\/05\/backetball-machine-1024x683.webp 1024w, https:\/\/siboasitrainingmachine.com\/wp-content\/uploads\/2023\/05\/backetball-machine-300x200.webp 300w, https:\/\/siboasitrainingmachine.com\/wp-content\/uploads\/2023\/05\/backetball-machine.webp 1200w\" sizes=\"auto, (max-width: 1024px) 100vw, 1024px\" \/><\/div><\/div><\/div><\/div><\/div><\/div><\/div><\/div><\/div><\/section><section class=\"l-section wpb_row height_medium\"><div class=\"l-section-h i-cf\"><div class=\"g-cols vc_row via_grid cols_1 laptops-cols_inherit tablets-cols_inherit mobiles-cols_1 valign_top type_default stacking_default\"><div class=\"wpb_column vc_column_container\"><div class=\"vc_column-inner\"><h3 class=\"w-text us_custom_7946b63b\"><span class=\"w-text-h\"><span class=\"w-text-value\">Qualit\u00e4tskontrolle<\/span><\/span><\/h3><div class=\"w-separator size_medium\"><\/div><div class=\"g-cols wpb_row via_grid cols_2 laptops-cols_inherit tablets-cols_inherit mobiles-cols_1 valign_top type_default stacking_default\" style=\"--columns-gap:3rem;\"><div class=\"wpb_column vc_column_container\"><div class=\"vc_column-inner\"><div class=\"w-image align_none\"><div class=\"w-image-h\"><img decoding=\"async\" width=\"665\" height=\"923\" src=\"https:\/\/siboasitrainingmachine.com\/wp-content\/uploads\/2023\/05\/yihe-qc.webp\" class=\"attachment-large size-large\" alt=\"yihe qc\" loading=\"lazy\" srcset=\"https:\/\/siboasitrainingmachine.com\/wp-content\/uploads\/2023\/05\/yihe-qc.webp 665w, https:\/\/siboasitrainingmachine.com\/wp-content\/uploads\/2023\/05\/yihe-qc-216x300.webp 216w\" sizes=\"auto, (max-width: 665px) 100vw, 665px\" \/><\/div><\/div><\/div><\/div><div class=\"wpb_column vc_column_container\"><div class=\"vc_column-inner\"><div class=\"wpb_text_column\"><div class=\"wpb_wrapper\"><p class=\"text-wrap\">Warum sollten Sie mit SIBOASI zusammenarbeiten?<br \/>\nJetzt fragen Sie sich sicher, warum Sie mit SIBOASI zusammenarbeiten sollten? Nun, hier sind einige Gr\u00fcnde, die Ihr Interesse wecken sollten.<br \/>\n-SIBOASI ist nach ISO 9001 zertifiziert.<br \/>\n- Wir stellen nur Branchenveteranen ein und befolgen europ\u00e4ische Produktionsrichtlinien.<br \/>\n- Wir unterhalten ein erstklassiges Forschungs- und Entwicklungsteam f\u00fcr die kontinuierliche Weiterentwicklung unserer Dienstleistungen und Produkte.<br \/>\n- Fast 10 Jahre Produktionserfahrung in der Sporttrainingsbranche.<br \/>\n- Wir bieten unsere Dienste in \u00fcber 100 L\u00e4ndern und Regionen an.<\/p>\n<p class=\"text-wrap\">- Unser Unternehmen ist derzeit Chinas gr\u00f6\u00dftes f\u00fcr Sporttraining, Forschung und Entwicklung sowie Produktionstests.<br \/>\n- Wir halten uns strikt an die europ\u00e4ischen Produktzertifizierungen BV, SGS, CE, ROHS.<br \/>\n- Wir haben \u00fcber 230 nationale Patente f\u00fcr unsere Spitzentechnologie. N...<\/p>\n<p>&nbsp;<\/p>\n<p class=\"title\"><a class=\"button\" href=\"https:\/\/siboasitrainingmachine.com\/de\/about-us-more\/#certificates\">Mehr erfahren&gt;&gt;<\/a><\/p>\n<div class=\"item fn-clear\">\n<div class=\"float-left texts\">\n<p class=\"text-wrap\">\n<\/div>\n<\/div>\n<\/div><\/div><\/div><\/div><\/div><\/div><\/div><\/div><\/div><\/section>","protected":false},"excerpt":{"rendered":"Start\/SeitenYiHe Technology (Shenzhen) Co.,ltd Main Market: North America, South America, Western Europe, Eastern Europe, Eastern Asia, Southeast Asia, Middle East, Africa, Oceania, Worldwide Business Type: Manufacturer, Agent Brands: SIBOASI No. of Employees: 100~1000 Annual Sales: 1000000-10000000 Year Established: 2006 Export p.c: 80% \u2013 90% Any Time You Can Contact Us! Because we know that even...","protected":false},"author":1,"featured_media":48,"parent":0,"menu_order":0,"comment_status":"closed","ping_status":"closed","template":"","meta":{"_acf_changed":false,"footnotes":""},"class_list":["post-25","page","type-page","status-publish","has-post-thumbnail","hentry"],"acf":[],"_links":{"self":[{"href":"https:\/\/siboasitrainingmachine.com\/de\/wp-json\/wp\/v2\/pages\/25","targetHints":{"allow":["GET"]}}],"collection":[{"href":"https:\/\/siboasitrainingmachine.com\/de\/wp-json\/wp\/v2\/pages"}],"about":[{"href":"https:\/\/siboasitrainingmachine.com\/de\/wp-json\/wp\/v2\/types\/page"}],"author":[{"embeddable":true,"href":"https:\/\/siboasitrainingmachine.com\/de\/wp-json\/wp\/v2\/users\/1"}],"replies":[{"embeddable":true,"href":"https:\/\/siboasitrainingmachine.com\/de\/wp-json\/wp\/v2\/comments?post=25"}],"version-history":[{"count":0,"href":"https:\/\/siboasitrainingmachine.com\/de\/wp-json\/wp\/v2\/pages\/25\/revisions"}],"wp:featuredmedia":[{"embeddable":true,"href":"https:\/\/siboasitrainingmachine.com\/de\/wp-json\/wp\/v2\/media\/48"}],"wp:attachment":[{"href":"https:\/\/siboasitrainingmachine.com\/de\/wp-json\/wp\/v2\/media?parent=25"}],"curies":[{"name":"wp","href":"https:\/\/api.w.org\/{rel}","templated":true}]}}